{"id":12,"date":"2023-01-13T11:39:30","date_gmt":"2023-01-13T14:39:30","guid":{"rendered":"http:\/\/sveneto.com.br\/?page_id=12"},"modified":"2023-05-24T10:07:30","modified_gmt":"2023-05-24T13:07:30","slug":"sobre-no","status":"publish","type":"page","link":"https:\/\/sveneto.com.br\/index.php\/sobre-no\/","title":{"rendered":"Sobre n\u00f3s"},"content":{"rendered":"\t\t<div data-elementor-type=\"wp-page\" data-elementor-id=\"12\" class=\"elementor elementor-12\">\n\t\t\t\t<div class=\"elementor-element elementor-element-e60607d e-flex e-con-boxed elementor-invisible e-con e-parent\" data-id=\"e60607d\" data-element_type=\"container\" data-settings=\"{&quot;background_background&quot;:&quot;classic&quot;,&quot;animation&quot;:&quot;slideInDown&quot;}\">\n\t\t\t\t\t<div class=\"e-con-inner\">\n\t\t\t\t<div class=\"elementor-element elementor-element-b9e2544 elementor-widget__width-initial elementor-widget elementor-widget-heading\" data-id=\"b9e2544\" data-element_type=\"widget\" data-widget_type=\"heading.default\">\n\t\t\t\t<div class=\"elementor-widget-container\">\n\t\t\t\t\t<h1 class=\"elementor-heading-title elementor-size-default\">M\u00e1xima prote\u00e7\u00e3o para o seu patrim\u00f4nio. <\/h1>\t\t\t\t<\/div>\n\t\t\t\t<\/div>\n\t\t\t\t<div class=\"elementor-element elementor-element-1f83f88 elementor-widget__width-initial elementor-widget elementor-widget-text-editor\" data-id=\"1f83f88\" data-element_type=\"widget\" data-widget_type=\"text-editor.default\">\n\t\t\t\t<div class=\"elementor-widget-container\">\n\t\t\t\t\t\t\t\t\t<p>Sempre atentos. Sempre prontos. Sempre perto de voc\u00ea.<\/p>\t\t\t\t\t\t\t\t<\/div>\n\t\t\t\t<\/div>\n\t\t\t\t<div class=\"elementor-element elementor-element-31552d2 elementor-align-left elementor-widget__width-initial elementor-widget elementor-widget-button\" data-id=\"31552d2\" data-element_type=\"widget\" data-widget_type=\"button.default\">\n\t\t\t\t<div class=\"elementor-widget-container\">\n\t\t\t\t\t\t\t\t\t<div class=\"elementor-button-wrapper\">\n\t\t\t\t\t<a class=\"elementor-button elementor-button-link elementor-size-md elementor-animation-push\" href=\"https:\/\/api.whatsapp.com\/send?phone=5554981540397\" target=\"_blank\">\n\t\t\t\t\t\t<span class=\"elementor-button-content-wrapper\">\n\t\t\t\t\t\t\t\t\t<span class=\"elementor-button-text\">Saiba mais <\/span>\n\t\t\t\t\t<\/span>\n\t\t\t\t\t<\/a>\n\t\t\t\t<\/div>\n\t\t\t\t\t\t\t\t<\/div>\n\t\t\t\t<\/div>\n\t\t\t\t\t<\/div>\n\t\t\t\t<\/div>\n\t\t<div class=\"elementor-element elementor-element-8985e81 e-flex e-con-boxed e-con e-parent\" data-id=\"8985e81\" data-element_type=\"container\">\n\t\t\t\t\t<div class=\"e-con-inner\">\n\t\t\t\t<div class=\"elementor-element elementor-element-c179e28 elementor-widget__width-initial elementor-widget elementor-widget-heading\" data-id=\"c179e28\" data-element_type=\"widget\" data-widget_type=\"heading.default\">\n\t\t\t\t<div class=\"elementor-widget-container\">\n\t\t\t\t\t<h1 class=\"elementor-heading-title elementor-size-default\">V\u00eaneto \n<\/h1>\t\t\t\t<\/div>\n\t\t\t\t<\/div>\n\t\t\t\t<div class=\"elementor-element elementor-element-7f445e3 elementor-widget-divider--view-line elementor-widget elementor-widget-divider\" data-id=\"7f445e3\" data-element_type=\"widget\" data-widget_type=\"divider.default\">\n\t\t\t\t<div class=\"elementor-widget-container\">\n\t\t\t\t\t\t\t<div class=\"elementor-divider\">\n\t\t\t<span class=\"elementor-divider-separator\">\n\t\t\t\t\t\t<\/span>\n\t\t<\/div>\n\t\t\t\t\t\t<\/div>\n\t\t\t\t<\/div>\n\t\t\t\t<div class=\"elementor-element elementor-element-1c59744 elementor-widget elementor-widget-text-editor\" data-id=\"1c59744\" data-element_type=\"widget\" data-widget_type=\"text-editor.default\">\n\t\t\t\t<div class=\"elementor-widget-container\">\n\t\t\t\t\t\t\t\t\t<p>30 anos de m\u00e1xima prote\u00e7\u00e3o para <br \/>seu patrim\u00f4nio.<\/p>\t\t\t\t\t\t\t\t<\/div>\n\t\t\t\t<\/div>\n\t\t\t\t<div class=\"elementor-element elementor-element-54baa51 elementor-widget__width-initial elementor-widget elementor-widget-text-editor\" data-id=\"54baa51\" data-element_type=\"widget\" data-widget_type=\"text-editor.default\">\n\t\t\t\t<div class=\"elementor-widget-container\">\n\t\t\t\t\t\t\t\t\t<p>A Seguran\u00e7a V\u00eaneto \u00e9 uma das maiores, mais importantes e mais respeitadas empresas no segmento de seguran\u00e7a residencial, comercial e industrial no Rio Grande do Sul.<\/p><p>Com 30 anos de experi\u00eancia, protege a vida e o patrim\u00f4nio de milhares de pessoas com tecnologia avan\u00e7ada, imensa frota de ve\u00edculos e equipes altamente capacitadas, dispon\u00edveis, 24 horas por dia.<\/p>\t\t\t\t\t\t\t\t<\/div>\n\t\t\t\t<\/div>\n\t\t\t\t<div class=\"elementor-element elementor-element-0798a99 elementor-widget elementor-widget-text-editor\" data-id=\"0798a99\" data-element_type=\"widget\" data-widget_type=\"text-editor.default\">\n\t\t\t\t<div class=\"elementor-widget-container\">\n\t\t\t\t\t\t\t\t\t<p>Atendemos Caxias do Sul e Flores da Cunha\u00a0<\/p>\t\t\t\t\t\t\t\t<\/div>\n\t\t\t\t<\/div>\n\t\t\t\t<div class=\"elementor-element elementor-element-2518488 elementor-widget__width-initial elementor-widget elementor-widget-heading\" data-id=\"2518488\" data-element_type=\"widget\" data-widget_type=\"heading.default\">\n\t\t\t\t<div class=\"elementor-widget-container\">\n\t\t\t\t\t<h3 class=\"elementor-heading-title elementor-size-default\">Nossos Valores \n<\/h3>\t\t\t\t<\/div>\n\t\t\t\t<\/div>\n\t\t\t\t<div class=\"elementor-element elementor-element-3089ce7 elementor-widget-divider--view-line elementor-widget elementor-widget-divider\" data-id=\"3089ce7\" data-element_type=\"widget\" data-widget_type=\"divider.default\">\n\t\t\t\t<div class=\"elementor-widget-container\">\n\t\t\t\t\t\t\t<div class=\"elementor-divider\">\n\t\t\t<span class=\"elementor-divider-separator\">\n\t\t\t\t\t\t<\/span>\n\t\t<\/div>\n\t\t\t\t\t\t<\/div>\n\t\t\t\t<\/div>\n\t\t\t\t<div class=\"elementor-element elementor-element-d817c1d elementor-widget__width-initial elementor-widget elementor-widget-text-editor\" data-id=\"d817c1d\" data-element_type=\"widget\" data-widget_type=\"text-editor.default\">\n\t\t\t\t<div class=\"elementor-widget-container\">\n\t\t\t\t\t\t\t\t\t<p>Estamos comprometidos em fazer o m\u00e1ximo esfor\u00e7o para atender rigorosamente os requisitos e necessidades de nossos clientes, colaboradores e legisla\u00e7\u00e3o.<\/p>\t\t\t\t\t\t\t\t<\/div>\n\t\t\t\t<\/div>\n\t\t\t\t<div class=\"elementor-element elementor-element-5c8bd11 elementor-widget__width-initial elementor-widget elementor-widget-heading\" data-id=\"5c8bd11\" data-element_type=\"widget\" data-widget_type=\"heading.default\">\n\t\t\t\t<div class=\"elementor-widget-container\">\n\t\t\t\t\t<h3 class=\"elementor-heading-title elementor-size-default\">Bases de atendimento \n<\/h3>\t\t\t\t<\/div>\n\t\t\t\t<\/div>\n\t\t\t\t<div class=\"elementor-element elementor-element-3b522c3 elementor-widget-divider--view-line elementor-widget elementor-widget-divider\" data-id=\"3b522c3\" data-element_type=\"widget\" data-widget_type=\"divider.default\">\n\t\t\t\t<div class=\"elementor-widget-container\">\n\t\t\t\t\t\t\t<div class=\"elementor-divider\">\n\t\t\t<span class=\"elementor-divider-separator\">\n\t\t\t\t\t\t<\/span>\n\t\t<\/div>\n\t\t\t\t\t\t<\/div>\n\t\t\t\t<\/div>\n\t\t\t\t<div class=\"elementor-element elementor-element-7db611c elementor-widget elementor-widget-text-editor\" data-id=\"7db611c\" data-element_type=\"widget\" data-widget_type=\"text-editor.default\">\n\t\t\t\t<div class=\"elementor-widget-container\">\n\t\t\t\t\t\t\t\t\t<p>Aprote\u00e7\u00e3o em cada canto da cidade.<\/p>\t\t\t\t\t\t\t\t<\/div>\n\t\t\t\t<\/div>\n\t\t\t\t<div class=\"elementor-element elementor-element-d1a74dc elementor-skin-coverflow elementor-widget-mobile__width-initial elementor-pagination-type-bullets elementor-pagination-position-outside elementor-widget elementor-widget-media-carousel\" data-id=\"d1a74dc\" data-element_type=\"widget\" data-settings=\"{&quot;skin&quot;:&quot;coverflow&quot;,&quot;pagination&quot;:&quot;bullets&quot;,&quot;speed&quot;:500,&quot;autoplay&quot;:&quot;yes&quot;,&quot;autoplay_speed&quot;:5000,&quot;loop&quot;:&quot;yes&quot;,&quot;pause_on_hover&quot;:&quot;yes&quot;,&quot;pause_on_interaction&quot;:&quot;yes&quot;,&quot;space_between&quot;:{&quot;unit&quot;:&quot;px&quot;,&quot;size&quot;:10,&quot;sizes&quot;:[]},&quot;space_between_laptop&quot;:{&quot;unit&quot;:&quot;px&quot;,&quot;size&quot;:10,&quot;sizes&quot;:[]},&quot;space_between_tablet&quot;:{&quot;unit&quot;:&quot;px&quot;,&quot;size&quot;:10,&quot;sizes&quot;:[]},&quot;space_between_mobile&quot;:{&quot;unit&quot;:&quot;px&quot;,&quot;size&quot;:10,&quot;sizes&quot;:[]}}\" data-widget_type=\"media-carousel.default\">\n\t\t\t\t<div class=\"elementor-widget-container\">\n\t\t\t\t\t\t\t<div class=\"elementor-swiper\">\n\t\t\t<div class=\"elementor-main-swiper swiper-container\">\n\t\t\t\t<div class=\"swiper-wrapper\">\n\t\t\t\t\t\t\t\t\t\t\t<div class=\"swiper-slide\">\n\t\t\t\t\t\t\t\t\t<div class=\"elementor-carousel-image\" style=\"background-image: url(https:\/\/sveneto.com.br\/wp-content\/uploads\/2023\/02\/Central-de-monitoramento_1.png)\">\n\n\t\t\t\n\t\t\t\t\t<\/div>\n\t\t\t\t\t\t\t\t<\/div>\n\t\t\t\t\t\t\t\t\t\t\t<div class=\"swiper-slide\">\n\t\t\t\t\t\t\t\t\t<div class=\"elementor-carousel-image\" style=\"background-image: url(https:\/\/sveneto.com.br\/wp-content\/uploads\/2023\/02\/Base-Cruzeiro_2.png)\">\n\n\t\t\t\n\t\t\t\t\t<\/div>\n\t\t\t\t\t\t\t\t<\/div>\n\t\t\t\t\t\t\t\t\t\t\t<div class=\"swiper-slide\">\n\t\t\t\t\t\t\t\t\t<div class=\"elementor-carousel-image\" style=\"background-image: url(https:\/\/sveneto.com.br\/wp-content\/uploads\/2023\/02\/Hospital-pompaia_3.png)\">\n\n\t\t\t\n\t\t\t\t\t<\/div>\n\t\t\t\t\t\t\t\t<\/div>\n\t\t\t\t\t\t\t\t\t\t\t<div class=\"swiper-slide\">\n\t\t\t\t\t\t\t\t\t<div class=\"elementor-carousel-image\" style=\"background-image: url(https:\/\/sveneto.com.br\/wp-content\/uploads\/2023\/02\/Base-sao-jose_4.png)\">\n\n\t\t\t\n\t\t\t\t\t<\/div>\n\t\t\t\t\t\t\t\t<\/div>\n\t\t\t\t\t\t\t\t\t\t\t<div class=\"swiper-slide\">\n\t\t\t\t\t\t\t\t\t<div class=\"elementor-carousel-image\" style=\"background-image: url(https:\/\/sveneto.com.br\/wp-content\/uploads\/2023\/02\/Base-villagio-iguatemi-5.png)\">\n\n\t\t\t\n\t\t\t\t\t<\/div>\n\t\t\t\t\t\t\t\t<\/div>\n\t\t\t\t\t\t\t\t\t\t\t<div class=\"swiper-slide\">\n\t\t\t\t\t\t\t\t\t<div class=\"elementor-carousel-image\" style=\"background-image: url(https:\/\/sveneto.com.br\/wp-content\/uploads\/2023\/02\/Base-colina-sorriso_.png)\">\n\n\t\t\t\n\t\t\t\t\t<\/div>\n\t\t\t\t\t\t\t\t<\/div>\n\t\t\t\t\t\t\t\t\t\t\t<div class=\"swiper-slide\">\n\t\t\t\t\t\t\t\t\t<div class=\"elementor-carousel-image\" style=\"background-image: url(https:\/\/sveneto.com.br\/wp-content\/uploads\/2023\/02\/Base-flores-da-cunha_.png)\">\n\n\t\t\t\n\t\t\t\t\t<\/div>\n\t\t\t\t\t\t\t\t<\/div>\n\t\t\t\t\t\t\t\t\t<\/div>\n\t\t\t\t\t\t\t\t\t\t\t\t\t\t\t<div class=\"swiper-pagination\"><\/div>\n\t\t\t\t\t\t\t\t\t\t\t\t\t\t\t\t\t<\/div>\n\t\t<\/div>\n\t\t\t\t\t\t<\/div>\n\t\t\t\t<\/div>\n\t\t\t\t<div class=\"elementor-element elementor-element-bf10d1e elementor-align-center elementor-widget elementor-widget-button\" data-id=\"bf10d1e\" data-element_type=\"widget\" data-widget_type=\"button.default\">\n\t\t\t\t<div class=\"elementor-widget-container\">\n\t\t\t\t\t\t\t\t\t<div class=\"elementor-button-wrapper\">\n\t\t\t\t\t<a class=\"elementor-button elementor-button-link elementor-size-md elementor-animation-push\" href=\"https:\/\/api.whatsapp.com\/send?phone=555432042500\" target=\"_blank\">\n\t\t\t\t\t\t<span class=\"elementor-button-content-wrapper\">\n\t\t\t\t\t\t\t\t\t<span class=\"elementor-button-text\">Fale conosco <\/span>\n\t\t\t\t\t<\/span>\n\t\t\t\t\t<\/a>\n\t\t\t\t<\/div>\n\t\t\t\t\t\t\t\t<\/div>\n\t\t\t\t<\/div>\n\t\t\t\t\t<\/div>\n\t\t\t\t<\/div>\n\t\t<div class=\"elementor-element elementor-element-ace4dfd e-flex e-con-boxed e-con e-parent\" data-id=\"ace4dfd\" data-element_type=\"container\">\n\t\t\t\t\t<div class=\"e-con-inner\">\n\t\t<div class=\"elementor-element elementor-element-d4adad5 e-con-full e-flex e-con e-parent\" data-id=\"d4adad5\" data-element_type=\"container\">\n\t\t\t\t<div class=\"elementor-element elementor-element-e052f98 elementor-widget__width-initial elementor-widget elementor-widget-heading\" data-id=\"e052f98\" data-element_type=\"widget\" data-widget_type=\"heading.default\">\n\t\t\t\t<div class=\"elementor-widget-container\">\n\t\t\t\t\t<h3 class=\"elementor-heading-title elementor-size-default\">Alarmes e central de monitoramento 24h\n<\/h3>\t\t\t\t<\/div>\n\t\t\t\t<\/div>\n\t\t\t\t<div class=\"elementor-element elementor-element-7570df2 elementor-widget elementor-widget-text-editor\" data-id=\"7570df2\" data-element_type=\"widget\" data-widget_type=\"text-editor.default\">\n\t\t\t\t<div class=\"elementor-widget-container\">\n\t\t\t\t\t\t\t\t\t<p>Alta tecnologia e m\u00e1xima agilidade para proteger voc\u00ea.<\/p>\t\t\t\t\t\t\t\t<\/div>\n\t\t\t\t<\/div>\n\t\t\t\t<div class=\"elementor-element elementor-element-e574cd5 elementor-widget__width-initial elementor-widget elementor-widget-text-editor\" data-id=\"e574cd5\" data-element_type=\"widget\" data-widget_type=\"text-editor.default\">\n\t\t\t\t<div class=\"elementor-widget-container\">\n\t\t\t\t\t\t\t\t\t<p>A V\u00eaneto possui moderna Central de Monitoramento por imagens 24 horas por dia, que age rapidamente por meio da interliga\u00e7\u00e3o dos Sistemas de Monitoramento de Alarmes e do Sistema de C\u00e2meras (CFTV).<br \/><br \/>Informa\u00e7\u00f5es sobre abertura, fechamento, intrus\u00e3o ou falta de AC do sistema de alarme dos clientes s\u00e3o recebidas em tempo real pelos operadores<\/p>\t\t\t\t\t\t\t\t<\/div>\n\t\t\t\t<\/div>\n\t\t\t\t<div class=\"elementor-element elementor-element-c8b20f4 elementor-align-left elementor-widget elementor-widget-button\" data-id=\"c8b20f4\" data-element_type=\"widget\" data-widget_type=\"button.default\">\n\t\t\t\t<div class=\"elementor-widget-container\">\n\t\t\t\t\t\t\t\t\t<div class=\"elementor-button-wrapper\">\n\t\t\t\t\t<a class=\"elementor-button elementor-button-link elementor-size-md elementor-animation-push\" href=\"https:\/\/api.whatsapp.com\/send?phone=555432042500\" target=\"_blank\">\n\t\t\t\t\t\t<span class=\"elementor-button-content-wrapper\">\n\t\t\t\t\t\t\t\t\t<span class=\"elementor-button-text\">Saiba mais <\/span>\n\t\t\t\t\t<\/span>\n\t\t\t\t\t<\/a>\n\t\t\t\t<\/div>\n\t\t\t\t\t\t\t\t<\/div>\n\t\t\t\t<\/div>\n\t\t\t\t<\/div>\n\t\t<div class=\"elementor-element elementor-element-a76869b e-con-full e-flex e-con e-parent\" data-id=\"a76869b\" data-element_type=\"container\">\n\t\t\t\t<div class=\"elementor-element elementor-element-8837d34 elementor-widget-mobile__width-initial elementor-widget elementor-widget-image\" data-id=\"8837d34\" data-element_type=\"widget\" data-widget_type=\"image.default\">\n\t\t\t\t<div class=\"elementor-widget-container\">\n\t\t\t\t\t\t\t\t\t\t\t\t\t\t\t<img fetchpriority=\"high\" decoding=\"async\" width=\"1080\" height=\"719\" src=\"https:\/\/sveneto.com.br\/wp-content\/uploads\/2023\/01\/monit.png\" class=\"attachment-2048x2048 size-2048x2048 wp-image-474\" alt=\"\" srcset=\"https:\/\/sveneto.com.br\/wp-content\/uploads\/2023\/01\/monit.png 1080w, https:\/\/sveneto.com.br\/wp-content\/uploads\/2023\/01\/monit-300x200.png 300w, https:\/\/sveneto.com.br\/wp-content\/uploads\/2023\/01\/monit-1024x682.png 1024w, https:\/\/sveneto.com.br\/wp-content\/uploads\/2023\/01\/monit-768x511.png 768w\" sizes=\"(max-width: 1080px) 100vw, 1080px\" \/>\t\t\t\t\t\t\t\t\t\t\t\t\t\t\t<\/div>\n\t\t\t\t<\/div>\n\t\t\t\t<\/div>\n\t\t\t\t\t<\/div>\n\t\t\t\t<\/div>\n\t\t<div class=\"elementor-element elementor-element-723e02a e-flex e-con-boxed elementor-invisible e-con e-parent\" data-id=\"723e02a\" data-element_type=\"container\" data-settings=\"{&quot;background_background&quot;:&quot;classic&quot;,&quot;animation&quot;:&quot;slideInRight&quot;}\">\n\t\t\t\t\t<div class=\"e-con-inner\">\n\t\t\t\t\t<\/div>\n\t\t\t\t<\/div>\n\t\t\t\t<\/div>\n\t\t","protected":false},"excerpt":{"rendered":"<p>M\u00e1xima prote\u00e7\u00e3o para o seu patrim\u00f4nio. Sempre atentos. Sempre prontos. Sempre perto de voc\u00ea. Saiba mais V\u00eaneto 30 anos de m\u00e1xima prote\u00e7\u00e3o para seu patrim\u00f4nio. A Seguran\u00e7a V\u00eaneto \u00e9 uma das maiores, mais importantes e mais respeitadas empresas no segmento de seguran\u00e7a residencial, comercial e industrial no Rio Grande do Sul. Com 30 anos de [&hellip;]<\/p>\n","protected":false},"author":1,"featured_media":0,"parent":0,"menu_order":0,"comment_status":"closed","ping_status":"closed","template":"","meta":{"footnotes":""},"class_list":["post-12","page","type-page","status-publish","hentry"],"yoast_head":"<!-- This site is optimized with the Yoast SEO plugin v25.1 - https:\/\/yoast.com\/wordpress\/plugins\/seo\/ -->\n<title>Sobre n\u00f3s - Veneto Seguran\u00e7a<\/title>\n<meta name=\"robots\" content=\"index, follow, max-snippet:-1, max-image-preview:large, max-video-preview:-1\" \/>\n<link rel=\"canonical\" href=\"https:\/\/sveneto.com.br\/index.php\/sobre-no\/\" \/>\n<meta property=\"og:locale\" content=\"pt_BR\" \/>\n<meta property=\"og:type\" content=\"article\" \/>\n<meta property=\"og:title\" content=\"Sobre n\u00f3s - Veneto Seguran\u00e7a\" \/>\n<meta property=\"og:description\" content=\"M\u00e1xima prote\u00e7\u00e3o para o seu patrim\u00f4nio. Sempre atentos. Sempre prontos. Sempre perto de voc\u00ea. Saiba mais V\u00eaneto 30 anos de m\u00e1xima prote\u00e7\u00e3o para seu patrim\u00f4nio. A Seguran\u00e7a V\u00eaneto \u00e9 uma das maiores, mais importantes e mais respeitadas empresas no segmento de seguran\u00e7a residencial, comercial e industrial no Rio Grande do Sul. Com 30 anos de [&hellip;]\" \/>\n<meta property=\"og:url\" content=\"https:\/\/sveneto.com.br\/index.php\/sobre-no\/\" \/>\n<meta property=\"og:site_name\" content=\"Veneto Seguran\u00e7a\" \/>\n<meta property=\"article:modified_time\" content=\"2023-05-24T13:07:30+00:00\" \/>\n<meta property=\"og:image\" content=\"http:\/\/sveneto.com.br\/wp-content\/uploads\/2023\/01\/monit.png\" \/>\n<meta name=\"twitter:card\" content=\"summary_large_image\" \/>\n<meta name=\"twitter:label1\" content=\"Est. tempo de leitura\" \/>\n\t<meta name=\"twitter:data1\" content=\"2 minutos\" \/>\n<script type=\"application\/ld+json\" class=\"yoast-schema-graph\">{\"@context\":\"https:\/\/schema.org\",\"@graph\":[{\"@type\":\"WebPage\",\"@id\":\"https:\/\/sveneto.com.br\/index.php\/sobre-no\/\",\"url\":\"https:\/\/sveneto.com.br\/index.php\/sobre-no\/\",\"name\":\"Sobre n\u00f3s - Veneto Seguran\u00e7a\",\"isPartOf\":{\"@id\":\"https:\/\/sveneto.com.br\/#website\"},\"primaryImageOfPage\":{\"@id\":\"https:\/\/sveneto.com.br\/index.php\/sobre-no\/#primaryimage\"},\"image\":{\"@id\":\"https:\/\/sveneto.com.br\/index.php\/sobre-no\/#primaryimage\"},\"thumbnailUrl\":\"http:\/\/sveneto.com.br\/wp-content\/uploads\/2023\/01\/monit.png\",\"datePublished\":\"2023-01-13T14:39:30+00:00\",\"dateModified\":\"2023-05-24T13:07:30+00:00\",\"breadcrumb\":{\"@id\":\"https:\/\/sveneto.com.br\/index.php\/sobre-no\/#breadcrumb\"},\"inLanguage\":\"pt-BR\",\"potentialAction\":[{\"@type\":\"ReadAction\",\"target\":[\"https:\/\/sveneto.com.br\/index.php\/sobre-no\/\"]}]},{\"@type\":\"ImageObject\",\"inLanguage\":\"pt-BR\",\"@id\":\"https:\/\/sveneto.com.br\/index.php\/sobre-no\/#primaryimage\",\"url\":\"http:\/\/sveneto.com.br\/wp-content\/uploads\/2023\/01\/monit.png\",\"contentUrl\":\"http:\/\/sveneto.com.br\/wp-content\/uploads\/2023\/01\/monit.png\"},{\"@type\":\"BreadcrumbList\",\"@id\":\"https:\/\/sveneto.com.br\/index.php\/sobre-no\/#breadcrumb\",\"itemListElement\":[{\"@type\":\"ListItem\",\"position\":1,\"name\":\"In\u00edcio\",\"item\":\"https:\/\/sveneto.com.br\/\"},{\"@type\":\"ListItem\",\"position\":2,\"name\":\"Sobre n\u00f3s\"}]},{\"@type\":\"WebSite\",\"@id\":\"https:\/\/sveneto.com.br\/#website\",\"url\":\"https:\/\/sveneto.com.br\/\",\"name\":\"Veneto Seguran\u00e7a\",\"description\":\"M\u00e1xima prote\u00e7\u00e3o para o seu patrim\u00f4nio, Atendemos Caxias do Sul e Flores da Cunha\",\"publisher\":{\"@id\":\"https:\/\/sveneto.com.br\/#organization\"},\"potentialAction\":[{\"@type\":\"SearchAction\",\"target\":{\"@type\":\"EntryPoint\",\"urlTemplate\":\"https:\/\/sveneto.com.br\/?s={search_term_string}\"},\"query-input\":{\"@type\":\"PropertyValueSpecification\",\"valueRequired\":true,\"valueName\":\"search_term_string\"}}],\"inLanguage\":\"pt-BR\"},{\"@type\":\"Organization\",\"@id\":\"https:\/\/sveneto.com.br\/#organization\",\"name\":\"Veneto Seguran\u00e7a\",\"url\":\"https:\/\/sveneto.com.br\/\",\"logo\":{\"@type\":\"ImageObject\",\"inLanguage\":\"pt-BR\",\"@id\":\"https:\/\/sveneto.com.br\/#\/schema\/logo\/image\/\",\"url\":\"https:\/\/sveneto.com.br\/wp-content\/uploads\/2023\/01\/cropped-Logo-limpo.png\",\"contentUrl\":\"https:\/\/sveneto.com.br\/wp-content\/uploads\/2023\/01\/cropped-Logo-limpo.png\",\"width\":500,\"height\":342,\"caption\":\"Veneto Seguran\u00e7a\"},\"image\":{\"@id\":\"https:\/\/sveneto.com.br\/#\/schema\/logo\/image\/\"}}]}<\/script>\n<!-- \/ Yoast SEO plugin. -->","yoast_head_json":{"title":"Sobre n\u00f3s - Veneto Seguran\u00e7a","robots":{"index":"index","follow":"follow","max-snippet":"max-snippet:-1","max-image-preview":"max-image-preview:large","max-video-preview":"max-video-preview:-1"},"canonical":"https:\/\/sveneto.com.br\/index.php\/sobre-no\/","og_locale":"pt_BR","og_type":"article","og_title":"Sobre n\u00f3s - Veneto Seguran\u00e7a","og_description":"M\u00e1xima prote\u00e7\u00e3o para o seu patrim\u00f4nio. Sempre atentos. Sempre prontos. Sempre perto de voc\u00ea. Saiba mais V\u00eaneto 30 anos de m\u00e1xima prote\u00e7\u00e3o para seu patrim\u00f4nio. A Seguran\u00e7a V\u00eaneto \u00e9 uma das maiores, mais importantes e mais respeitadas empresas no segmento de seguran\u00e7a residencial, comercial e industrial no Rio Grande do Sul. Com 30 anos de [&hellip;]","og_url":"https:\/\/sveneto.com.br\/index.php\/sobre-no\/","og_site_name":"Veneto Seguran\u00e7a","article_modified_time":"2023-05-24T13:07:30+00:00","og_image":[{"url":"http:\/\/sveneto.com.br\/wp-content\/uploads\/2023\/01\/monit.png","type":"","width":"","height":""}],"twitter_card":"summary_large_image","twitter_misc":{"Est. tempo de leitura":"2 minutos"},"schema":{"@context":"https:\/\/schema.org","@graph":[{"@type":"WebPage","@id":"https:\/\/sveneto.com.br\/index.php\/sobre-no\/","url":"https:\/\/sveneto.com.br\/index.php\/sobre-no\/","name":"Sobre n\u00f3s - Veneto Seguran\u00e7a","isPartOf":{"@id":"https:\/\/sveneto.com.br\/#website"},"primaryImageOfPage":{"@id":"https:\/\/sveneto.com.br\/index.php\/sobre-no\/#primaryimage"},"image":{"@id":"https:\/\/sveneto.com.br\/index.php\/sobre-no\/#primaryimage"},"thumbnailUrl":"http:\/\/sveneto.com.br\/wp-content\/uploads\/2023\/01\/monit.png","datePublished":"2023-01-13T14:39:30+00:00","dateModified":"2023-05-24T13:07:30+00:00","breadcrumb":{"@id":"https:\/\/sveneto.com.br\/index.php\/sobre-no\/#breadcrumb"},"inLanguage":"pt-BR","potentialAction":[{"@type":"ReadAction","target":["https:\/\/sveneto.com.br\/index.php\/sobre-no\/"]}]},{"@type":"ImageObject","inLanguage":"pt-BR","@id":"https:\/\/sveneto.com.br\/index.php\/sobre-no\/#primaryimage","url":"http:\/\/sveneto.com.br\/wp-content\/uploads\/2023\/01\/monit.png","contentUrl":"http:\/\/sveneto.com.br\/wp-content\/uploads\/2023\/01\/monit.png"},{"@type":"BreadcrumbList","@id":"https:\/\/sveneto.com.br\/index.php\/sobre-no\/#breadcrumb","itemListElement":[{"@type":"ListItem","position":1,"name":"In\u00edcio","item":"https:\/\/sveneto.com.br\/"},{"@type":"ListItem","position":2,"name":"Sobre n\u00f3s"}]},{"@type":"WebSite","@id":"https:\/\/sveneto.com.br\/#website","url":"https:\/\/sveneto.com.br\/","name":"Veneto Seguran\u00e7a","description":"M\u00e1xima prote\u00e7\u00e3o para o seu patrim\u00f4nio, Atendemos Caxias do Sul e Flores da Cunha","publisher":{"@id":"https:\/\/sveneto.com.br\/#organization"},"potentialAction":[{"@type":"SearchAction","target":{"@type":"EntryPoint","urlTemplate":"https:\/\/sveneto.com.br\/?s={search_term_string}"},"query-input":{"@type":"PropertyValueSpecification","valueRequired":true,"valueName":"search_term_string"}}],"inLanguage":"pt-BR"},{"@type":"Organization","@id":"https:\/\/sveneto.com.br\/#organization","name":"Veneto Seguran\u00e7a","url":"https:\/\/sveneto.com.br\/","logo":{"@type":"ImageObject","inLanguage":"pt-BR","@id":"https:\/\/sveneto.com.br\/#\/schema\/logo\/image\/","url":"https:\/\/sveneto.com.br\/wp-content\/uploads\/2023\/01\/cropped-Logo-limpo.png","contentUrl":"https:\/\/sveneto.com.br\/wp-content\/uploads\/2023\/01\/cropped-Logo-limpo.png","width":500,"height":342,"caption":"Veneto Seguran\u00e7a"},"image":{"@id":"https:\/\/sveneto.com.br\/#\/schema\/logo\/image\/"}}]}},"_links":{"self":[{"href":"https:\/\/sveneto.com.br\/index.php\/wp-json\/wp\/v2\/pages\/12","targetHints":{"allow":["GET"]}}],"collection":[{"href":"https:\/\/sveneto.com.br\/index.php\/wp-json\/wp\/v2\/pages"}],"about":[{"href":"https:\/\/sveneto.com.br\/index.php\/wp-json\/wp\/v2\/types\/page"}],"author":[{"embeddable":true,"href":"https:\/\/sveneto.com.br\/index.php\/wp-json\/wp\/v2\/users\/1"}],"replies":[{"embeddable":true,"href":"https:\/\/sveneto.com.br\/index.php\/wp-json\/wp\/v2\/comments?post=12"}],"version-history":[{"count":161,"href":"https:\/\/sveneto.com.br\/index.php\/wp-json\/wp\/v2\/pages\/12\/revisions"}],"predecessor-version":[{"id":2260,"href":"https:\/\/sveneto.com.br\/index.php\/wp-json\/wp\/v2\/pages\/12\/revisions\/2260"}],"wp:attachment":[{"href":"https:\/\/sveneto.com.br\/index.php\/wp-json\/wp\/v2\/media?parent=12"}],"curies":[{"name":"wp","href":"https:\/\/api.w.org\/{rel}","templated":true}]}}