{"id":20,"date":"2023-01-13T11:41:32","date_gmt":"2023-01-13T14:41:32","guid":{"rendered":"http:\/\/sveneto.com.br\/?page_id=20"},"modified":"2023-01-13T11:41:32","modified_gmt":"2023-01-13T14:41:32","slug":"processo","status":"publish","type":"page","link":"https:\/\/sveneto.com.br\/index.php\/processo\/","title":{"rendered":"Processo"},"content":{"rendered":"","protected":false},"excerpt":{"rendered":"","protected":false},"author":1,"featured_media":0,"parent":0,"menu_order":0,"comment_status":"closed","ping_status":"closed","template":"","meta":{"footnotes":""},"class_list":["post-20","page","type-page","status-publish","hentry"],"yoast_head":"<!-- This site is optimized with the Yoast SEO plugin v25.1 - https:\/\/yoast.com\/wordpress\/plugins\/seo\/ -->\n<title>Processo - Veneto Seguran\u00e7a<\/title>\n<meta name=\"robots\" content=\"index, follow, max-snippet:-1, max-image-preview:large, max-video-preview:-1\" \/>\n<link rel=\"canonical\" href=\"https:\/\/sveneto.com.br\/index.php\/processo\/\" \/>\n<meta property=\"og:locale\" content=\"pt_BR\" \/>\n<meta property=\"og:type\" content=\"article\" \/>\n<meta property=\"og:title\" content=\"Processo - Veneto Seguran\u00e7a\" \/>\n<meta property=\"og:url\" content=\"https:\/\/sveneto.com.br\/index.php\/processo\/\" \/>\n<meta property=\"og:site_name\" content=\"Veneto Seguran\u00e7a\" \/>\n<meta name=\"twitter:card\" content=\"summary_large_image\" \/>\n<script type=\"application\/ld+json\" class=\"yoast-schema-graph\">{\"@context\":\"https:\/\/schema.org\",\"@graph\":[{\"@type\":\"WebPage\",\"@id\":\"https:\/\/sveneto.com.br\/index.php\/processo\/\",\"url\":\"https:\/\/sveneto.com.br\/index.php\/processo\/\",\"name\":\"Processo - Veneto Seguran\u00e7a\",\"isPartOf\":{\"@id\":\"https:\/\/sveneto.com.br\/#website\"},\"datePublished\":\"2023-01-13T14:41:32+00:00\",\"breadcrumb\":{\"@id\":\"https:\/\/sveneto.com.br\/index.php\/processo\/#breadcrumb\"},\"inLanguage\":\"pt-BR\",\"potentialAction\":[{\"@type\":\"ReadAction\",\"target\":[\"https:\/\/sveneto.com.br\/index.php\/processo\/\"]}]},{\"@type\":\"BreadcrumbList\",\"@id\":\"https:\/\/sveneto.com.br\/index.php\/processo\/#breadcrumb\",\"itemListElement\":[{\"@type\":\"ListItem\",\"position\":1,\"name\":\"In\u00edcio\",\"item\":\"https:\/\/sveneto.com.br\/\"},{\"@type\":\"ListItem\",\"position\":2,\"name\":\"Processo\"}]},{\"@type\":\"WebSite\",\"@id\":\"https:\/\/sveneto.com.br\/#website\",\"url\":\"https:\/\/sveneto.com.br\/\",\"name\":\"Veneto Seguran\u00e7a\",\"description\":\"M\u00e1xima prote\u00e7\u00e3o para o seu patrim\u00f4nio, Atendemos Caxias do Sul e Flores da Cunha\",\"publisher\":{\"@id\":\"https:\/\/sveneto.com.br\/#organization\"},\"potentialAction\":[{\"@type\":\"SearchAction\",\"target\":{\"@type\":\"EntryPoint\",\"urlTemplate\":\"https:\/\/sveneto.com.br\/?s={search_term_string}\"},\"query-input\":{\"@type\":\"PropertyValueSpecification\",\"valueRequired\":true,\"valueName\":\"search_term_string\"}}],\"inLanguage\":\"pt-BR\"},{\"@type\":\"Organization\",\"@id\":\"https:\/\/sveneto.com.br\/#organization\",\"name\":\"Veneto Seguran\u00e7a\",\"url\":\"https:\/\/sveneto.com.br\/\",\"logo\":{\"@type\":\"ImageObject\",\"inLanguage\":\"pt-BR\",\"@id\":\"https:\/\/sveneto.com.br\/#\/schema\/logo\/image\/\",\"url\":\"https:\/\/sveneto.com.br\/wp-content\/uploads\/2023\/01\/cropped-Logo-limpo.png\",\"contentUrl\":\"https:\/\/sveneto.com.br\/wp-content\/uploads\/2023\/01\/cropped-Logo-limpo.png\",\"width\":500,\"height\":342,\"caption\":\"Veneto Seguran\u00e7a\"},\"image\":{\"@id\":\"https:\/\/sveneto.com.br\/#\/schema\/logo\/image\/\"}}]}<\/script>\n<!-- \/ Yoast SEO plugin. -->","yoast_head_json":{"title":"Processo - Veneto Seguran\u00e7a","robots":{"index":"index","follow":"follow","max-snippet":"max-snippet:-1","max-image-preview":"max-image-preview:large","max-video-preview":"max-video-preview:-1"},"canonical":"https:\/\/sveneto.com.br\/index.php\/processo\/","og_locale":"pt_BR","og_type":"article","og_title":"Processo - Veneto Seguran\u00e7a","og_url":"https:\/\/sveneto.com.br\/index.php\/processo\/","og_site_name":"Veneto Seguran\u00e7a","twitter_card":"summary_large_image","schema":{"@context":"https:\/\/schema.org","@graph":[{"@type":"WebPage","@id":"https:\/\/sveneto.com.br\/index.php\/processo\/","url":"https:\/\/sveneto.com.br\/index.php\/processo\/","name":"Processo - Veneto Seguran\u00e7a","isPartOf":{"@id":"https:\/\/sveneto.com.br\/#website"},"datePublished":"2023-01-13T14:41:32+00:00","breadcrumb":{"@id":"https:\/\/sveneto.com.br\/index.php\/processo\/#breadcrumb"},"inLanguage":"pt-BR","potentialAction":[{"@type":"ReadAction","target":["https:\/\/sveneto.com.br\/index.php\/processo\/"]}]},{"@type":"BreadcrumbList","@id":"https:\/\/sveneto.com.br\/index.php\/processo\/#breadcrumb","itemListElement":[{"@type":"ListItem","position":1,"name":"In\u00edcio","item":"https:\/\/sveneto.com.br\/"},{"@type":"ListItem","position":2,"name":"Processo"}]},{"@type":"WebSite","@id":"https:\/\/sveneto.com.br\/#website","url":"https:\/\/sveneto.com.br\/","name":"Veneto Seguran\u00e7a","description":"M\u00e1xima prote\u00e7\u00e3o para o seu patrim\u00f4nio, Atendemos Caxias do Sul e Flores da Cunha","publisher":{"@id":"https:\/\/sveneto.com.br\/#organization"},"potentialAction":[{"@type":"SearchAction","target":{"@type":"EntryPoint","urlTemplate":"https:\/\/sveneto.com.br\/?s={search_term_string}"},"query-input":{"@type":"PropertyValueSpecification","valueRequired":true,"valueName":"search_term_string"}}],"inLanguage":"pt-BR"},{"@type":"Organization","@id":"https:\/\/sveneto.com.br\/#organization","name":"Veneto Seguran\u00e7a","url":"https:\/\/sveneto.com.br\/","logo":{"@type":"ImageObject","inLanguage":"pt-BR","@id":"https:\/\/sveneto.com.br\/#\/schema\/logo\/image\/","url":"https:\/\/sveneto.com.br\/wp-content\/uploads\/2023\/01\/cropped-Logo-limpo.png","contentUrl":"https:\/\/sveneto.com.br\/wp-content\/uploads\/2023\/01\/cropped-Logo-limpo.png","width":500,"height":342,"caption":"Veneto Seguran\u00e7a"},"image":{"@id":"https:\/\/sveneto.com.br\/#\/schema\/logo\/image\/"}}]}},"_links":{"self":[{"href":"https:\/\/sveneto.com.br\/index.php\/wp-json\/wp\/v2\/pages\/20","targetHints":{"allow":["GET"]}}],"collection":[{"href":"https:\/\/sveneto.com.br\/index.php\/wp-json\/wp\/v2\/pages"}],"about":[{"href":"https:\/\/sveneto.com.br\/index.php\/wp-json\/wp\/v2\/types\/page"}],"author":[{"embeddable":true,"href":"https:\/\/sveneto.com.br\/index.php\/wp-json\/wp\/v2\/users\/1"}],"replies":[{"embeddable":true,"href":"https:\/\/sveneto.com.br\/index.php\/wp-json\/wp\/v2\/comments?post=20"}],"version-history":[{"count":1,"href":"https:\/\/sveneto.com.br\/index.php\/wp-json\/wp\/v2\/pages\/20\/revisions"}],"predecessor-version":[{"id":21,"href":"https:\/\/sveneto.com.br\/index.php\/wp-json\/wp\/v2\/pages\/20\/revisions\/21"}],"wp:attachment":[{"href":"https:\/\/sveneto.com.br\/index.php\/wp-json\/wp\/v2\/media?parent=20"}],"curies":[{"name":"wp","href":"https:\/\/api.w.org\/{rel}","templated":true}]}}