{"id":3,"date":"2023-01-11T12:02:20","date_gmt":"2023-01-11T15:02:20","guid":{"rendered":"http:\/\/sveneto.com.br\/?page_id=3"},"modified":"2023-01-31T11:38:11","modified_gmt":"2023-01-31T14:38:11","slug":"politica-de-privacidade","status":"publish","type":"page","link":"https:\/\/sveneto.com.br\/index.php\/politica-de-privacidade\/","title":{"rendered":"Pol\u00edtica de privacidade"},"content":{"rendered":"\t\t<div data-elementor-type=\"wp-page\" data-elementor-id=\"3\" class=\"elementor elementor-3\">\n\t\t\t\t\t\t<section class=\"elementor-section elementor-top-section elementor-element elementor-element-75bb14c6 elementor-section-boxed elementor-section-height-default elementor-section-height-default\" data-id=\"75bb14c6\" data-element_type=\"section\">\n\t\t\t\t\t\t<div class=\"elementor-container elementor-column-gap-default\">\n\t\t\t\t\t<div class=\"elementor-column elementor-col-100 elementor-top-column elementor-element elementor-element-27472426\" data-id=\"27472426\" data-element_type=\"column\">\n\t\t\t<div class=\"elementor-widget-wrap elementor-element-populated\">\n\t\t\t\t\t\t<div class=\"elementor-element elementor-element-ba27f2f elementor-widget elementor-widget-heading\" data-id=\"ba27f2f\" data-element_type=\"widget\" data-widget_type=\"heading.default\">\n\t\t\t\t<div class=\"elementor-widget-container\">\n\t\t\t\t\t<h2 class=\"elementor-heading-title elementor-size-default\">Pol\u00edticas de  Privacidade <\/h2>\t\t\t\t<\/div>\n\t\t\t\t<\/div>\n\t\t\t\t<div class=\"elementor-element elementor-element-607953f2 elementor-widget elementor-widget-text-editor\" data-id=\"607953f2\" data-element_type=\"widget\" data-widget_type=\"text-editor.default\">\n\t\t\t\t<div class=\"elementor-widget-container\">\n\t\t\t\t\t\t\t\t\t<p style=\"text-align: left;\">Em observa\u00e7\u00e3o \u00e0 Lei Geral de Prote\u00e7\u00e3o de Dados, Lei 13.709\/18, elaboramos e apresentamos abaixo a nossa Pol\u00edtica de Privacidade, com a qual nos comprometemos integralmente.\u00a0<\/p>\n<p style=\"text-align: center;\"><strong>POL\u00cdTICA DE PRIVACIDADE GRUPO V\u00caNETO CAXIAS DO SUL RS<br \/><br \/><\/strong><\/p>\n<p><strong>QUAIS S\u00c3O AS INFORMA\u00c7\u00d5ES QUE COLETAMOS?<\/strong><\/p>\n<p>Coletamos suas informa\u00e7\u00f5es quando voc\u00ea se registra em nosso site ou preenche um formul\u00e1rio f\u00edsico ou digital.<\/p>\n<p>Ao fazer um pedido ou registrar-se em nosso site, conforme seja do seu interesse ou como lhe seja apropriado, voc\u00ea pode ser solicitado a inserir seu nome, endere\u00e7o de e-mail e outros detalhes de contato, os quais voc\u00ea s\u00f3 deve informar se entender como realmente necess\u00e1rios aos seus prop\u00f3sitos. Normalmente n\u00e3o coletamos dados sens\u00edveis, exceto se estes forem necess\u00e1rios ao atendimento de legisla\u00e7\u00f5es especificas ou em casos de necessidades especiais que demandem de cuidados adicionais para a realiza\u00e7\u00e3o dos nossos servi\u00e7os.<\/p>\n<p><strong>COMO USAMOS SUAS INFORMA\u00c7\u00d5ES?<\/strong><\/p>\n<p>Qualquer uma das informa\u00e7\u00f5es que coletamos de voc\u00ea pode ser usada de uma das seguintes formas:<\/p>\n<p>\u2022 Suas informa\u00e7\u00f5es nos ajudam a responder melhor as suas necessidades individuais de conte\u00fado gerado pelo site.<\/p>\n<p>\u2022 N\u00f3s nos esfor\u00e7amos continuamente para melhorar nossas ofertas de sites com base nas informa\u00e7\u00f5es e coment\u00e1rios que recebemos de voc\u00ea.<\/p>\n<p>\u2022 Suas informa\u00e7\u00f5es nos ajudam a responder com mais efic\u00e1cia as suas necessidades de atendimento e solicita\u00e7\u00e3o de atendimento ao cliente, bem como poder\u00e3o ser utilizadas para a emiss\u00e3o de propostas, or\u00e7amentos, correspond\u00eancias ou notifica\u00e7\u00f5es, contatos telef\u00f4nicos, WhatsApp, mensagens por e-mail contendo informa\u00e7\u00f5es relevantes aos nossos produtos e servi\u00e7os, tais como os relat\u00f3rios de ocorr\u00eancias ou de sinistros, e ainda para o envio de documentos fiscais, e boletos banc\u00e1rios de cobran\u00e7as, ordens de servi\u00e7os e outras situa\u00e7\u00f5es ou compromissos que forem assumidos contratualmente.<\/p>\n<p>\u2022 Suas informa\u00e7\u00f5es, sejam p\u00fablicas ou privadas, n\u00e3o ser\u00e3o vendidas, trocadas, transferidas ou fornecidas sem a autoriza\u00e7\u00e3o expressa do titular dos dados.<\/p>\n<p>\u2022 Os dados que voc\u00ea registra ao se cadastrar, preencher ou assinar quaisquer formul\u00e1rios ser\u00e3o utilizados unicamente para as a\u00e7\u00f5es que forem devidamente autorizadas pelos Titulares dos Dados.<\/p>\n<p>Na hip\u00f3tese dos tratamentos vinculados aos recursos humanos (empregados) ou de terceiros (prestadores de servi\u00e7os ou fornecedores), ser\u00e3o realizados os ditames das legisla\u00e7\u00f5es trabalhistas, previdenci\u00e1rias, tribut\u00e1rias, ou complementares, tanto no arquivamento quanto para o envio de correspond\u00eancias vinculadas ao que estiver previsto nos contratos firmados com estes titulares de dados.<\/p>\n<p><strong>COMO PROTEGEMOS OS SEUS DADOS?<\/strong><\/p>\n<p>Nossa empresa implementou uma s\u00e9rie de medidas para proteger e para manter o sigilo de seus dados pessoais, em observ\u00e2ncia aos ditames da LGPD Lei Geral de Prote\u00e7\u00e3o de Dados e assim sendo, declaramos que atuaremos de forma cautelosa e diligente no tratamento dos dados pessoais que nos s\u00e3o confiados, buscando preservar direitos e garantir o livre desenvolvimento da personalidade. Neste sentido, adotamos medidas que refor\u00e7am a preven\u00e7\u00e3o contra acessos indevidos ou fuga dessas informa\u00e7\u00f5es atrav\u00e9s de a\u00e7\u00f5es especificas em nossa \u00e1rea de TI, complementamos a prote\u00e7\u00e3o dos dados pessoais atrav\u00e9s da orienta\u00e7\u00e3o sistem\u00e1tica, controlada e auditada das a\u00e7\u00f5es dos Operadores (empregados, terceiros, fornecedores e prestadores de servi\u00e7os) que atuam em nosso nome, visando a m\u00e1xima redu\u00e7\u00e3o de riscos ou danos aos titulares dos dados pessoais, sendo a eles vedado qualquer compartilhamento de informa\u00e7\u00e3o pessoal sem que haja o consentimento expresso do titular.<\/p>\n<p><strong>N\u00d3S USAMOS COOKIES?<\/strong><\/p>\n<p>Sim, usamos cookies para fornecer ao usu\u00e1rio conte\u00fado personalizado por meio da identifica\u00e7\u00e3o de visitantes \u00fanicos e seus respectivos padr\u00f5es de uso. Nossos cookies n\u00e3o guardam nenhuma informa\u00e7\u00e3o pessoal e n\u00e3o s\u00e3o lidos por plataformas terceiras.<\/p>\n<p><strong>SEUS CONTATOS CONOSCO<\/strong><\/p>\n<p>Nomeamos e constitu\u00edmos um DPO (Data Protection Office &#8211; sigla em Ingles) Encarregado de Prote\u00e7\u00e3o de dados: que \u00e9 a pessoa indicada para atuar como canal de comunica\u00e7\u00e3o entre o controlador (Sua empresa), os titulares dos dados e a Autoridade Nacional de Prote\u00e7\u00e3o de Dados (ANPD), o qual receber\u00e1 notifica\u00e7\u00f5es e dar\u00e1 retorno exclusivamente atrav\u00e9s do canal de comunica\u00e7\u00e3o com endere\u00e7o de e-mail dpo@sveneto.com.br.<\/p>\n<p><strong>SUA PERMISS\u00c3O<\/strong><\/p>\n<p>Ao utilizar nosso site, voc\u00ea precisa concordar com a nossa pol\u00edtica de privacidade e em caso de documenta\u00e7\u00e3o f\u00edsica ou atendimento presencial, para dar sequ\u00eancia \u00e9 necess\u00e1rios o preenchimento e a assinatura dos Titulares. Nos comprometemos ainda, atrav\u00e9s da sua permiss\u00e3o, e excluir ou anonimizar os seus dados pessoais assim que estes n\u00e3o forem mais minimamente necess\u00e1rios para a realiza\u00e7\u00e3o das a\u00e7\u00f5es que estabeleceram a obten\u00e7\u00e3o.<\/p>\n<p><strong>ALTERA\u00c7\u00d5ES EM NOSSA POL\u00cdTICA DE PRIVACIDADE<\/strong><\/p>\n<p>Se decidirmos alterar nossa pol\u00edtica de privacidade, publicaremos essas altera\u00e7\u00f5es nesta p\u00e1gina.<\/p>\n<p>Esta pol\u00edtica foi implantada em 01 de setembro de 2021.<\/p>\n<p><strong>CONTATE-NOS<\/strong><\/p>\n<p>Se ainda houver alguma d\u00favida sobre esta pol\u00edtica de privacidade e o tratamento de dados pessoais voc\u00ea pode entrar em contato conosco usando as informa\u00e7\u00f5es abaixo.<\/p>\n<p><strong>Empresas que formam o GRUPO VENETO:<\/strong><\/p>\n<p>SEGURAN\u00c7A VENETO LTDA CNPJ 92.868.108\/0001-19<\/p>\n<p>VENETO TELEALARME LTDA CNPJ 02.963.602\/0001-70<\/p>\n<p>SV ALARMES LTDA CNPJ 10.763.222\/0001-10<\/p>\n<p>VENETO ALARMES E EQUIPAMENTOS LTDA CNPJ 40.974.970\/0001-02<\/p>\n<p>www.sveneto.com.br<\/p>\n<p>dpo@sveneto.com.br contato relacionados a LGPD<\/p>\n<p>Rua H\u00e9rcules Gallo, 1420 Centro<\/p>\n<p>Caxias do Sul &#8211; RS\u00a0<\/p>\t\t\t\t\t\t\t\t<\/div>\n\t\t\t\t<\/div>\n\t\t\t\t\t<\/div>\n\t\t<\/div>\n\t\t\t\t\t<\/div>\n\t\t<\/section>\n\t\t\t\t<\/div>\n\t\t","protected":false},"excerpt":{"rendered":"<p>Pol\u00edticas de Privacidade Em observa\u00e7\u00e3o \u00e0 Lei Geral de Prote\u00e7\u00e3o de Dados, Lei 13.709\/18, elaboramos e apresentamos abaixo a nossa Pol\u00edtica de Privacidade, com a qual nos comprometemos integralmente.\u00a0 POL\u00cdTICA DE PRIVACIDADE GRUPO V\u00caNETO CAXIAS DO SUL RS QUAIS S\u00c3O AS INFORMA\u00c7\u00d5ES QUE COLETAMOS? Coletamos suas informa\u00e7\u00f5es quando voc\u00ea se registra em nosso site ou [&hellip;]<\/p>\n","protected":false},"author":1,"featured_media":0,"parent":0,"menu_order":0,"comment_status":"closed","ping_status":"open","template":"","meta":{"footnotes":""},"class_list":["post-3","page","type-page","status-publish","hentry"],"yoast_head":"<!-- This site is optimized with the Yoast SEO plugin v25.1 - https:\/\/yoast.com\/wordpress\/plugins\/seo\/ -->\n<title>Pol\u00edtica de privacidade - Veneto Seguran\u00e7a<\/title>\n<meta name=\"robots\" content=\"index, follow, max-snippet:-1, max-image-preview:large, max-video-preview:-1\" \/>\n<link rel=\"canonical\" href=\"https:\/\/sveneto.com.br\/index.php\/politica-de-privacidade\/\" \/>\n<meta property=\"og:locale\" content=\"pt_BR\" \/>\n<meta property=\"og:type\" content=\"article\" \/>\n<meta property=\"og:title\" content=\"Pol\u00edtica de privacidade - Veneto Seguran\u00e7a\" \/>\n<meta property=\"og:description\" content=\"Pol\u00edticas de Privacidade Em observa\u00e7\u00e3o \u00e0 Lei Geral de Prote\u00e7\u00e3o de Dados, Lei 13.709\/18, elaboramos e apresentamos abaixo a nossa Pol\u00edtica de Privacidade, com a qual nos comprometemos integralmente.\u00a0 POL\u00cdTICA DE PRIVACIDADE GRUPO V\u00caNETO CAXIAS DO SUL RS QUAIS S\u00c3O AS INFORMA\u00c7\u00d5ES QUE COLETAMOS? Coletamos suas informa\u00e7\u00f5es quando voc\u00ea se registra em nosso site ou [&hellip;]\" \/>\n<meta property=\"og:url\" content=\"https:\/\/sveneto.com.br\/index.php\/politica-de-privacidade\/\" \/>\n<meta property=\"og:site_name\" content=\"Veneto Seguran\u00e7a\" \/>\n<meta property=\"article:modified_time\" content=\"2023-01-31T14:38:11+00:00\" \/>\n<meta name=\"twitter:card\" content=\"summary_large_image\" \/>\n<meta name=\"twitter:label1\" content=\"Est. tempo de leitura\" \/>\n\t<meta name=\"twitter:data1\" content=\"5 minutos\" \/>\n<script type=\"application\/ld+json\" class=\"yoast-schema-graph\">{\"@context\":\"https:\/\/schema.org\",\"@graph\":[{\"@type\":\"WebPage\",\"@id\":\"https:\/\/sveneto.com.br\/index.php\/politica-de-privacidade\/\",\"url\":\"https:\/\/sveneto.com.br\/index.php\/politica-de-privacidade\/\",\"name\":\"Pol\u00edtica de privacidade - Veneto Seguran\u00e7a\",\"isPartOf\":{\"@id\":\"https:\/\/sveneto.com.br\/#website\"},\"datePublished\":\"2023-01-11T15:02:20+00:00\",\"dateModified\":\"2023-01-31T14:38:11+00:00\",\"breadcrumb\":{\"@id\":\"https:\/\/sveneto.com.br\/index.php\/politica-de-privacidade\/#breadcrumb\"},\"inLanguage\":\"pt-BR\",\"potentialAction\":[{\"@type\":\"ReadAction\",\"target\":[\"https:\/\/sveneto.com.br\/index.php\/politica-de-privacidade\/\"]}]},{\"@type\":\"BreadcrumbList\",\"@id\":\"https:\/\/sveneto.com.br\/index.php\/politica-de-privacidade\/#breadcrumb\",\"itemListElement\":[{\"@type\":\"ListItem\",\"position\":1,\"name\":\"In\u00edcio\",\"item\":\"https:\/\/sveneto.com.br\/\"},{\"@type\":\"ListItem\",\"position\":2,\"name\":\"Pol\u00edtica de privacidade\"}]},{\"@type\":\"WebSite\",\"@id\":\"https:\/\/sveneto.com.br\/#website\",\"url\":\"https:\/\/sveneto.com.br\/\",\"name\":\"Veneto Seguran\u00e7a\",\"description\":\"M\u00e1xima prote\u00e7\u00e3o para o seu patrim\u00f4nio, Atendemos Caxias do Sul e Flores da Cunha\",\"publisher\":{\"@id\":\"https:\/\/sveneto.com.br\/#organization\"},\"potentialAction\":[{\"@type\":\"SearchAction\",\"target\":{\"@type\":\"EntryPoint\",\"urlTemplate\":\"https:\/\/sveneto.com.br\/?s={search_term_string}\"},\"query-input\":{\"@type\":\"PropertyValueSpecification\",\"valueRequired\":true,\"valueName\":\"search_term_string\"}}],\"inLanguage\":\"pt-BR\"},{\"@type\":\"Organization\",\"@id\":\"https:\/\/sveneto.com.br\/#organization\",\"name\":\"Veneto Seguran\u00e7a\",\"url\":\"https:\/\/sveneto.com.br\/\",\"logo\":{\"@type\":\"ImageObject\",\"inLanguage\":\"pt-BR\",\"@id\":\"https:\/\/sveneto.com.br\/#\/schema\/logo\/image\/\",\"url\":\"https:\/\/sveneto.com.br\/wp-content\/uploads\/2023\/01\/cropped-Logo-limpo.png\",\"contentUrl\":\"https:\/\/sveneto.com.br\/wp-content\/uploads\/2023\/01\/cropped-Logo-limpo.png\",\"width\":500,\"height\":342,\"caption\":\"Veneto Seguran\u00e7a\"},\"image\":{\"@id\":\"https:\/\/sveneto.com.br\/#\/schema\/logo\/image\/\"}}]}<\/script>\n<!-- \/ Yoast SEO plugin. -->","yoast_head_json":{"title":"Pol\u00edtica de privacidade - Veneto Seguran\u00e7a","robots":{"index":"index","follow":"follow","max-snippet":"max-snippet:-1","max-image-preview":"max-image-preview:large","max-video-preview":"max-video-preview:-1"},"canonical":"https:\/\/sveneto.com.br\/index.php\/politica-de-privacidade\/","og_locale":"pt_BR","og_type":"article","og_title":"Pol\u00edtica de privacidade - Veneto Seguran\u00e7a","og_description":"Pol\u00edticas de Privacidade Em observa\u00e7\u00e3o \u00e0 Lei Geral de Prote\u00e7\u00e3o de Dados, Lei 13.709\/18, elaboramos e apresentamos abaixo a nossa Pol\u00edtica de Privacidade, com a qual nos comprometemos integralmente.\u00a0 POL\u00cdTICA DE PRIVACIDADE GRUPO V\u00caNETO CAXIAS DO SUL RS QUAIS S\u00c3O AS INFORMA\u00c7\u00d5ES QUE COLETAMOS? Coletamos suas informa\u00e7\u00f5es quando voc\u00ea se registra em nosso site ou [&hellip;]","og_url":"https:\/\/sveneto.com.br\/index.php\/politica-de-privacidade\/","og_site_name":"Veneto Seguran\u00e7a","article_modified_time":"2023-01-31T14:38:11+00:00","twitter_card":"summary_large_image","twitter_misc":{"Est. tempo de leitura":"5 minutos"},"schema":{"@context":"https:\/\/schema.org","@graph":[{"@type":"WebPage","@id":"https:\/\/sveneto.com.br\/index.php\/politica-de-privacidade\/","url":"https:\/\/sveneto.com.br\/index.php\/politica-de-privacidade\/","name":"Pol\u00edtica de privacidade - Veneto Seguran\u00e7a","isPartOf":{"@id":"https:\/\/sveneto.com.br\/#website"},"datePublished":"2023-01-11T15:02:20+00:00","dateModified":"2023-01-31T14:38:11+00:00","breadcrumb":{"@id":"https:\/\/sveneto.com.br\/index.php\/politica-de-privacidade\/#breadcrumb"},"inLanguage":"pt-BR","potentialAction":[{"@type":"ReadAction","target":["https:\/\/sveneto.com.br\/index.php\/politica-de-privacidade\/"]}]},{"@type":"BreadcrumbList","@id":"https:\/\/sveneto.com.br\/index.php\/politica-de-privacidade\/#breadcrumb","itemListElement":[{"@type":"ListItem","position":1,"name":"In\u00edcio","item":"https:\/\/sveneto.com.br\/"},{"@type":"ListItem","position":2,"name":"Pol\u00edtica de privacidade"}]},{"@type":"WebSite","@id":"https:\/\/sveneto.com.br\/#website","url":"https:\/\/sveneto.com.br\/","name":"Veneto Seguran\u00e7a","description":"M\u00e1xima prote\u00e7\u00e3o para o seu patrim\u00f4nio, Atendemos Caxias do Sul e Flores da Cunha","publisher":{"@id":"https:\/\/sveneto.com.br\/#organization"},"potentialAction":[{"@type":"SearchAction","target":{"@type":"EntryPoint","urlTemplate":"https:\/\/sveneto.com.br\/?s={search_term_string}"},"query-input":{"@type":"PropertyValueSpecification","valueRequired":true,"valueName":"search_term_string"}}],"inLanguage":"pt-BR"},{"@type":"Organization","@id":"https:\/\/sveneto.com.br\/#organization","name":"Veneto Seguran\u00e7a","url":"https:\/\/sveneto.com.br\/","logo":{"@type":"ImageObject","inLanguage":"pt-BR","@id":"https:\/\/sveneto.com.br\/#\/schema\/logo\/image\/","url":"https:\/\/sveneto.com.br\/wp-content\/uploads\/2023\/01\/cropped-Logo-limpo.png","contentUrl":"https:\/\/sveneto.com.br\/wp-content\/uploads\/2023\/01\/cropped-Logo-limpo.png","width":500,"height":342,"caption":"Veneto Seguran\u00e7a"},"image":{"@id":"https:\/\/sveneto.com.br\/#\/schema\/logo\/image\/"}}]}},"_links":{"self":[{"href":"https:\/\/sveneto.com.br\/index.php\/wp-json\/wp\/v2\/pages\/3","targetHints":{"allow":["GET"]}}],"collection":[{"href":"https:\/\/sveneto.com.br\/index.php\/wp-json\/wp\/v2\/pages"}],"about":[{"href":"https:\/\/sveneto.com.br\/index.php\/wp-json\/wp\/v2\/types\/page"}],"author":[{"embeddable":true,"href":"https:\/\/sveneto.com.br\/index.php\/wp-json\/wp\/v2\/users\/1"}],"replies":[{"embeddable":true,"href":"https:\/\/sveneto.com.br\/index.php\/wp-json\/wp\/v2\/comments?post=3"}],"version-history":[{"count":6,"href":"https:\/\/sveneto.com.br\/index.php\/wp-json\/wp\/v2\/pages\/3\/revisions"}],"predecessor-version":[{"id":1239,"href":"https:\/\/sveneto.com.br\/index.php\/wp-json\/wp\/v2\/pages\/3\/revisions\/1239"}],"wp:attachment":[{"href":"https:\/\/sveneto.com.br\/index.php\/wp-json\/wp\/v2\/media?parent=3"}],"curies":[{"name":"wp","href":"https:\/\/api.w.org\/{rel}","templated":true}]}}